{"id":2443,"date":"2022-05-04T12:11:06","date_gmt":"2022-05-04T12:11:06","guid":{"rendered":"https:\/\/wgl-demo.net\/niro\/product\/alpha-sharks-182\/"},"modified":"2024-12-14T06:47:39","modified_gmt":"2024-12-14T06:47:39","slug":"alpha-sharks-182","status":"publish","type":"product","link":"https:\/\/scalehot.com\/tr\/urun\/alpha-sharks-182\/","title":{"rendered":"K\u00f6pekbal\u0131klar\u0131 #182"},"content":{"rendered":"<p>Alpha Sharks, piyasadaki en geli\u015fmi\u015f NFT keskin ni\u015fanc\u0131l\u0131k ara\u00e7lar\u0131yla NFT oyununa hakim olan elit NFT sahiplerinden olu\u015fan bir ekosistemdir. En faydac\u0131 Web3 markas\u0131n\u0131 in\u015fa eden kurucular, Shark Token ekonomilerinde t\u00fcm NFT toplulu\u011fu i\u00e7in de\u011fer yaratmay\u0131 hedefliyor.<\/p>","protected":false},"excerpt":{"rendered":"<p>PNY tabanl\u0131 grafik kart\u0131, profesyonel performans ve bilgi i\u015flem i\u00e7in tasarlanm\u0131\u015f, \u00fcretilmi\u015f ve test edilmi\u015ftir. Mimariyi 8 GB GDDR6 bellek ve en son ekran teknolojileriyle birle\u015ftirerek tek bir PCI-e yuvas\u0131 geni\u015fli\u011finde ince form fakt\u00f6r\u00fcnde performans sunar.<\/p>","protected":false},"featured_media":2444,"comment_status":"open","ping_status":"closed","template":"","meta":[],"product_cat":[29],"product_tag":[38,44,47,52,55],"class_list":{"0":"post-2443","1":"product","2":"type-product","3":"status-publish","4":"has-post-thumbnail","6":"product_cat-alphasharks-nft","7":"product_tag-digital","8":"product_tag-ico","9":"product_tag-nft","10":"product_tag-tech","11":"product_tag-token","13":"first","14":"instock","15":"shipping-taxable","16":"product-type-external"},"_links":{"self":[{"href":"https:\/\/scalehot.com\/tr\/wp-json\/wp\/v2\/product\/2443","targetHints":{"allow":["GET"]}}],"collection":[{"href":"https:\/\/scalehot.com\/tr\/wp-json\/wp\/v2\/product"}],"about":[{"href":"https:\/\/scalehot.com\/tr\/wp-json\/wp\/v2\/types\/product"}],"replies":[{"embeddable":true,"href":"https:\/\/scalehot.com\/tr\/wp-json\/wp\/v2\/comments?post=2443"}],"wp:featuredmedia":[{"embeddable":true,"href":"https:\/\/scalehot.com\/tr\/wp-json\/wp\/v2\/media\/2444"}],"wp:attachment":[{"href":"https:\/\/scalehot.com\/tr\/wp-json\/wp\/v2\/media?parent=2443"}],"wp:term":[{"taxonomy":"product_cat","embeddable":true,"href":"https:\/\/scalehot.com\/tr\/wp-json\/wp\/v2\/product_cat?post=2443"},{"taxonomy":"product_tag","embeddable":true,"href":"https:\/\/scalehot.com\/tr\/wp-json\/wp\/v2\/product_tag?post=2443"}],"curies":[{"name":"wp","href":"https:\/\/api.w.org\/{rel}","templated":true}]}}