{"id":2327,"date":"2022-05-03T11:46:42","date_gmt":"2022-05-03T11:46:42","guid":{"rendered":"https:\/\/wgl-demo.net\/niro\/product\/godjira-gen-2-6\/"},"modified":"2024-12-14T06:47:39","modified_gmt":"2024-12-14T06:47:39","slug":"godjira-gen-2-6","status":"publish","type":"product","link":"https:\/\/scalehot.com\/tr\/urun\/godjira-gen-2-6\/","title":{"rendered":"Tanr\u0131Jira #6"},"content":{"rendered":"<p>Ethereum blok zincirinde NFT olarak ya\u015fayan 3333 benzersiz Gen 2 GodJira koleksiyonu. \u015euradan g\u00f6r\u00fcnt\u00fcleyin:<br \/>\n[GodJira Genesis](https:\/\/opensea.io\/collection\/projectgodjiragenesis) Ben [GodJira Koleksiyonlar\u0131](https:\/\/opensea.io\/collection\/godjira-collectibles) Ben [DG x Godjira \u00c7izgi Romanlar\u0131](https:\/\/opensea.io\/collection\/dreamlandxgodjiracollectibles) Ben [GodJira Onursal](https:\/\/opensea.io\/collection\/godjira-honorary-members) Ben [Stake Ge\u00e7i\u015fi](https:\/\/opensea.io\/collection\/godjira-staking-pass)<\/p>\n<p>OS Sahibi say\u0131s\u0131 STAKED Jiras&#039;\u0131 i\u00e7ermez. 1325 benzersiz sahip \u015fu anda $JIRA yard\u0131mc\u0131 token&#039;\u0131 kazanmak i\u00e7in GodJira Staking Pass&#039;te stake yapt\u0131. Son g\u00fcncelleme: 16 Nisan 2022<\/p>","protected":false},"excerpt":{"rendered":"<p>PNY tabanl\u0131 grafik kart\u0131, profesyonel performans ve bilgi i\u015flem i\u00e7in tasarlanm\u0131\u015f, \u00fcretilmi\u015f ve test edilmi\u015ftir. Mimariyi 8 GB GDDR6 bellek ve en son ekran teknolojileriyle birle\u015ftirerek tek bir PCI-e yuvas\u0131 geni\u015fli\u011finde ince form fakt\u00f6r\u00fcnde performans sunar.<\/p>","protected":false},"featured_media":2328,"comment_status":"open","ping_status":"closed","template":"","meta":[],"product_cat":[39],"product_tag":[38,44,47,52,55],"class_list":{"0":"post-2327","1":"product","2":"type-product","3":"status-publish","4":"has-post-thumbnail","6":"product_cat-project-godjira-gen-2","7":"product_tag-digital","8":"product_tag-ico","9":"product_tag-nft","10":"product_tag-tech","11":"product_tag-token","13":"first","14":"instock","15":"shipping-taxable","16":"product-type-external"},"_links":{"self":[{"href":"https:\/\/scalehot.com\/tr\/wp-json\/wp\/v2\/product\/2327","targetHints":{"allow":["GET"]}}],"collection":[{"href":"https:\/\/scalehot.com\/tr\/wp-json\/wp\/v2\/product"}],"about":[{"href":"https:\/\/scalehot.com\/tr\/wp-json\/wp\/v2\/types\/product"}],"replies":[{"embeddable":true,"href":"https:\/\/scalehot.com\/tr\/wp-json\/wp\/v2\/comments?post=2327"}],"wp:featuredmedia":[{"embeddable":true,"href":"https:\/\/scalehot.com\/tr\/wp-json\/wp\/v2\/media\/2328"}],"wp:attachment":[{"href":"https:\/\/scalehot.com\/tr\/wp-json\/wp\/v2\/media?parent=2327"}],"wp:term":[{"taxonomy":"product_cat","embeddable":true,"href":"https:\/\/scalehot.com\/tr\/wp-json\/wp\/v2\/product_cat?post=2327"},{"taxonomy":"product_tag","embeddable":true,"href":"https:\/\/scalehot.com\/tr\/wp-json\/wp\/v2\/product_tag?post=2327"}],"curies":[{"name":"wp","href":"https:\/\/api.w.org\/{rel}","templated":true}]}}