{"id":2310,"date":"2022-05-03T10:22:53","date_gmt":"2022-05-03T10:22:53","guid":{"rendered":"https:\/\/wgl-demo.net\/niro\/product\/peaceful-ape-230\/"},"modified":"2024-12-14T06:47:39","modified_gmt":"2024-12-14T06:47:39","slug":"peaceful-ape-230","status":"publish","type":"product","link":"https:\/\/scalehot.com\/tr\/urun\/peaceful-ape-230\/","title":{"rendered":"Maymun #230"},"content":{"rendered":"<p>Peaceful Ape Social Club, bar\u0131\u015fa \u00f6zlem duyan 20.000 benzersiz Ape NFT&#039;sinden olu\u015fan bir koleksiyondur. Biz d\u00fcnyay\u0131z\u2014 Bar\u0131\u015fa bir \u015fans verin ve d\u00fcnyay\u0131 iyile\u015ftirin\u2026 EVET TAMAM<\/p>\n<p>Bunlardan 16.000 tanesi Ethereum blok zincirinde ERC1155 token&#039;\u0131 olarak saklan\u0131yor; 4.000 tanesi ise Ethereum blok zincirinde ERC721 token&#039;\u0131 olarak saklan\u0131yor.<\/p>\n<p>ERC1155 token&#039;\u0131n\u0131n ilk 2000 NFT sahibi, 4000 NFT ERC721 token&#039;\u0131n\u0131 \u00fccretsiz olarak alabilir (0 ETH + Gas \u00fccreti).<\/p>\n[Discord](https:\/\/discord.com\/invite\/3ZNjfcwrna)<\/p>","protected":false},"excerpt":{"rendered":"<p>PNY tabanl\u0131 grafik kart\u0131, profesyonel performans ve bilgi i\u015flem i\u00e7in tasarlanm\u0131\u015f, \u00fcretilmi\u015f ve test edilmi\u015ftir. Mimariyi 8 GB GDDR6 bellek ve en son ekran teknolojileriyle birle\u015ftirerek tek bir PCI-e yuvas\u0131 geni\u015fli\u011finde ince form fakt\u00f6r\u00fcnde performans sunar.<\/p>","protected":false},"featured_media":2311,"comment_status":"open","ping_status":"closed","template":"","meta":[],"product_cat":[49],"product_tag":[30,32,34,36],"class_list":{"0":"post-2310","1":"product","2":"type-product","3":"status-publish","4":"has-post-thumbnail","6":"product_cat-peaceful-ape-social-club","7":"product_tag-art","8":"product_tag-blockchain","9":"product_tag-coin","10":"product_tag-cryptocurrency","12":"first","13":"instock","14":"shipping-taxable","15":"product-type-external"},"_links":{"self":[{"href":"https:\/\/scalehot.com\/tr\/wp-json\/wp\/v2\/product\/2310","targetHints":{"allow":["GET"]}}],"collection":[{"href":"https:\/\/scalehot.com\/tr\/wp-json\/wp\/v2\/product"}],"about":[{"href":"https:\/\/scalehot.com\/tr\/wp-json\/wp\/v2\/types\/product"}],"replies":[{"embeddable":true,"href":"https:\/\/scalehot.com\/tr\/wp-json\/wp\/v2\/comments?post=2310"}],"wp:featuredmedia":[{"embeddable":true,"href":"https:\/\/scalehot.com\/tr\/wp-json\/wp\/v2\/media\/2311"}],"wp:attachment":[{"href":"https:\/\/scalehot.com\/tr\/wp-json\/wp\/v2\/media?parent=2310"}],"wp:term":[{"taxonomy":"product_cat","embeddable":true,"href":"https:\/\/scalehot.com\/tr\/wp-json\/wp\/v2\/product_cat?post=2310"},{"taxonomy":"product_tag","embeddable":true,"href":"https:\/\/scalehot.com\/tr\/wp-json\/wp\/v2\/product_tag?post=2310"}],"curies":[{"name":"wp","href":"https:\/\/api.w.org\/{rel}","templated":true}]}}