{"id":2233,"date":"2022-05-03T10:07:45","date_gmt":"2022-05-03T10:07:45","guid":{"rendered":"https:\/\/wgl-demo.net\/niro\/product\/pudgy-penguin-50\/"},"modified":"2024-12-14T06:47:39","modified_gmt":"2024-12-14T06:47:39","slug":"pudgy-penguin-50","status":"publish","type":"product","link":"https:\/\/scalehot.com\/tr\/urun\/pudgy-penguin-50\/","title":{"rendered":"Penguen #50"},"content":{"rendered":"<p>Pudgy Penguins, Web3&#039;te dola\u015fan 8.888 NFT&#039;den olu\u015fan bir koleksiyondur. Empati ve \u015fefkati b\u00fcnyesinde bar\u0131nd\u0131ran Pudgy Penguins, NFT Alan\u0131nda pozitifli\u011fin bir sembol\u00fcd\u00fcr. Her sahibi deneyimlere, etkinliklere ve daha fazlas\u0131na \u00f6zel eri\u015fim elde eder.<\/p>\n<p>Huddle&#039;a kat\u0131l\u0131n ve metada mutlulu\u011fu tek tek penguenlerle yay\u0131n.<\/p>\n[pudgypenguins.io](https:\/\/pudgypenguins.io)<\/p>\n<p>Tombul Koleksiyonlar\u0131:<\/p>\n[K\u00fc\u00e7\u00fck Tombullar](https:\/\/opensea.io\/collection\/lilpudgys)\\<br \/>\n[Tombul Hediyeler](https:\/\/opensea.io\/collection\/pudgypresents)<\/p>","protected":false},"excerpt":{"rendered":"<p>PNY tabanl\u0131 grafik kart\u0131, profesyonel performans ve bilgi i\u015flem i\u00e7in tasarlanm\u0131\u015f, \u00fcretilmi\u015f ve test edilmi\u015ftir. Mimariyi 8 GB GDDR6 bellek ve en son ekran teknolojileriyle birle\u015ftirerek tek bir PCI-e yuvas\u0131 geni\u015fli\u011finde ince form fakt\u00f6r\u00fcnde performans sunar.<\/p>","protected":false},"featured_media":2234,"comment_status":"open","ping_status":"closed","template":"","meta":[],"product_cat":[50],"product_tag":[30,32,34,36],"class_list":{"0":"post-2233","1":"product","2":"type-product","3":"status-publish","4":"has-post-thumbnail","6":"product_cat-pudgy-penguins","7":"product_tag-art","8":"product_tag-blockchain","9":"product_tag-coin","10":"product_tag-cryptocurrency","12":"first","13":"instock","14":"shipping-taxable","15":"product-type-external"},"_links":{"self":[{"href":"https:\/\/scalehot.com\/tr\/wp-json\/wp\/v2\/product\/2233","targetHints":{"allow":["GET"]}}],"collection":[{"href":"https:\/\/scalehot.com\/tr\/wp-json\/wp\/v2\/product"}],"about":[{"href":"https:\/\/scalehot.com\/tr\/wp-json\/wp\/v2\/types\/product"}],"replies":[{"embeddable":true,"href":"https:\/\/scalehot.com\/tr\/wp-json\/wp\/v2\/comments?post=2233"}],"wp:featuredmedia":[{"embeddable":true,"href":"https:\/\/scalehot.com\/tr\/wp-json\/wp\/v2\/media\/2234"}],"wp:attachment":[{"href":"https:\/\/scalehot.com\/tr\/wp-json\/wp\/v2\/media?parent=2233"}],"wp:term":[{"taxonomy":"product_cat","embeddable":true,"href":"https:\/\/scalehot.com\/tr\/wp-json\/wp\/v2\/product_cat?post=2233"},{"taxonomy":"product_tag","embeddable":true,"href":"https:\/\/scalehot.com\/tr\/wp-json\/wp\/v2\/product_tag?post=2233"}],"curies":[{"name":"wp","href":"https:\/\/api.w.org\/{rel}","templated":true}]}}