{"id":2156,"date":"2022-05-03T10:00:37","date_gmt":"2022-05-03T10:00:37","guid":{"rendered":"https:\/\/wgl-demo.net\/niro\/product\/35\/"},"modified":"2024-12-14T06:47:39","modified_gmt":"2024-12-14T06:47:39","slug":"35","status":"publish","type":"product","link":"https:\/\/scalehot.com\/tr\/urun\/35\/","title":{"rendered":"Aslanlar #35"},"content":{"rendered":"<p>Lazy Lions, \ud83d\udc51lar i\u00e7in bir NFT toplulu\u011fudur.<\/p>\n<p>Aslan\u0131n\u0131z\u0131 ve di\u011fer NFT&#039;lerinizi sergilemek i\u00e7in [Lazy Lions Bungalows](https:\/\/opensea.io\/collection\/lazy-lions-bungalows) adresini ziyaret edin.<\/p>\n<p>Bu a\u00e7\u0131klama i\u00e7in bize neden bu kadar \u00e7ok kelime veriyorlar? Biz tembeliz.<\/p>","protected":false},"excerpt":{"rendered":"<p>PNY tabanl\u0131 grafik kart\u0131, profesyonel performans ve bilgi i\u015flem i\u00e7in tasarlanm\u0131\u015f, \u00fcretilmi\u015f ve test edilmi\u015ftir. Mimariyi 8 GB GDDR6 bellek ve en son ekran teknolojileriyle birle\u015ftirerek tek bir PCI-e yuvas\u0131 geni\u015fli\u011finde ince form fakt\u00f6r\u00fcnde performans sunar.<\/p>","protected":false},"featured_media":2157,"comment_status":"open","ping_status":"closed","template":"","meta":[],"product_cat":[45],"product_tag":[38,44,47,52,55],"class_list":{"0":"post-2156","1":"product","2":"type-product","3":"status-publish","4":"has-post-thumbnail","6":"product_cat-lazy-lions","7":"product_tag-digital","8":"product_tag-ico","9":"product_tag-nft","10":"product_tag-tech","11":"product_tag-token","13":"first","14":"instock","15":"shipping-taxable","16":"product-type-external"},"_links":{"self":[{"href":"https:\/\/scalehot.com\/tr\/wp-json\/wp\/v2\/product\/2156","targetHints":{"allow":["GET"]}}],"collection":[{"href":"https:\/\/scalehot.com\/tr\/wp-json\/wp\/v2\/product"}],"about":[{"href":"https:\/\/scalehot.com\/tr\/wp-json\/wp\/v2\/types\/product"}],"replies":[{"embeddable":true,"href":"https:\/\/scalehot.com\/tr\/wp-json\/wp\/v2\/comments?post=2156"}],"wp:featuredmedia":[{"embeddable":true,"href":"https:\/\/scalehot.com\/tr\/wp-json\/wp\/v2\/media\/2157"}],"wp:attachment":[{"href":"https:\/\/scalehot.com\/tr\/wp-json\/wp\/v2\/media?parent=2156"}],"wp:term":[{"taxonomy":"product_cat","embeddable":true,"href":"https:\/\/scalehot.com\/tr\/wp-json\/wp\/v2\/product_cat?post=2156"},{"taxonomy":"product_tag","embeddable":true,"href":"https:\/\/scalehot.com\/tr\/wp-json\/wp\/v2\/product_tag?post=2156"}],"curies":[{"name":"wp","href":"https:\/\/api.w.org\/{rel}","templated":true}]}}