{"id":2130,"date":"2022-05-03T09:33:52","date_gmt":"2022-05-03T09:33:52","guid":{"rendered":"https:\/\/wgl-demo.net\/niro\/product\/gutter-cat-1046\/"},"modified":"2024-12-14T06:47:39","modified_gmt":"2024-12-14T06:47:39","slug":"gutter-cat-1046","status":"publish","type":"product","link":"https:\/\/scalehot.com\/tr\/urun\/gutter-cat-1046\/","title":{"rendered":"Kedi #1046"},"content":{"rendered":"<p>Gutter&#039;a ho\u015f geldiniz. Gutter Cats, Ethereum blok zincirinde rastgele olu\u015fturulmu\u015f 3.000 NFT&#039;den olu\u015fan bir koleksiyondur ve Gutter Cat \u00c7etesi&#039;ne \u00fcyelik jetonlar\u0131 olarak da kullan\u0131labilir. Gutter Cats, GCG&#039;nin en \u00fcst d\u00fczey \u00fcyelik seviyesini temsil eder ve topluluk liderli\u011findeki \u00e7e\u015fitli ve benzersiz eri\u015fim ve ayr\u0131cal\u0131klar\u0131n kilidini a\u00e7ar.<\/p>\n[Web sitesi](https:\/\/guttercatgang.com\/)<\/p>\n<p>**Koleksiyonlar**<\/p>\n[La\u011f\u0131m Fareleri](https:\/\/opensea.io\/collection\/gutterrats)<\/p>\n[\u00c7ad\u0131r G\u00fcvercinleri](https:\/\/opensea.io\/collection\/gutterpigeons)<\/p>\n[\u00c7\u00f6p K\u00f6pekleri](https:\/\/opensea.io\/collection\/gutterdogs)<\/p>\n<p>**\u00dcr\u00fcn**<\/p>\n[Gutter Merch 1.0](https:\/\/opensea.io\/collection\/gutter-merch)<\/p>\n[Oluk \u00dcr\u00fcnleri 2.0](https:\/\/opensea.io\/collection\/gutter-merch-2)<\/p>\n[\u00dcr\u00fcnleri Kullan](https:\/\/redeem.guttercatgang.com\/)<\/p>","protected":false},"excerpt":{"rendered":"<p>PNY tabanl\u0131 grafik kart\u0131, profesyonel performans ve bilgi i\u015flem i\u00e7in tasarlanm\u0131\u015f, \u00fcretilmi\u015f ve test edilmi\u015ftir. Mimariyi 8 GB GDDR6 bellek ve en son ekran teknolojileriyle birle\u015ftirerek tek bir PCI-e yuvas\u0131 geni\u015fli\u011finde ince form fakt\u00f6r\u00fcnde performans sunar.<\/p>","protected":false},"featured_media":2131,"comment_status":"open","ping_status":"closed","template":"","meta":[],"product_cat":[40],"product_tag":[38,44,47,52,55],"class_list":{"0":"post-2130","1":"product","2":"type-product","3":"status-publish","4":"has-post-thumbnail","6":"product_cat-gutter-cat-gang","7":"product_tag-digital","8":"product_tag-ico","9":"product_tag-nft","10":"product_tag-tech","11":"product_tag-token","13":"first","14":"instock","15":"shipping-taxable","16":"product-type-external"},"_links":{"self":[{"href":"https:\/\/scalehot.com\/tr\/wp-json\/wp\/v2\/product\/2130","targetHints":{"allow":["GET"]}}],"collection":[{"href":"https:\/\/scalehot.com\/tr\/wp-json\/wp\/v2\/product"}],"about":[{"href":"https:\/\/scalehot.com\/tr\/wp-json\/wp\/v2\/types\/product"}],"replies":[{"embeddable":true,"href":"https:\/\/scalehot.com\/tr\/wp-json\/wp\/v2\/comments?post=2130"}],"wp:featuredmedia":[{"embeddable":true,"href":"https:\/\/scalehot.com\/tr\/wp-json\/wp\/v2\/media\/2131"}],"wp:attachment":[{"href":"https:\/\/scalehot.com\/tr\/wp-json\/wp\/v2\/media?parent=2130"}],"wp:term":[{"taxonomy":"product_cat","embeddable":true,"href":"https:\/\/scalehot.com\/tr\/wp-json\/wp\/v2\/product_cat?post=2130"},{"taxonomy":"product_tag","embeddable":true,"href":"https:\/\/scalehot.com\/tr\/wp-json\/wp\/v2\/product_tag?post=2130"}],"curies":[{"name":"wp","href":"https:\/\/api.w.org\/{rel}","templated":true}]}}