{"id":2122,"date":"2022-05-03T09:32:52","date_gmt":"2022-05-03T09:32:52","guid":{"rendered":"https:\/\/wgl-demo.net\/niro\/product\/hape-8167-4\/"},"modified":"2024-12-14T06:47:39","modified_gmt":"2024-12-14T06:47:39","slug":"hape-8167-4","status":"publish","type":"product","link":"https:\/\/scalehot.com\/tr\/urun\/hape-8167-4\/","title":{"rendered":"HAPE #8167"},"content":{"rendered":"<p>8K YEN\u0130 NES\u0130L, Y\u00dcKSEK MODA HAPESLER\u0130<\/p>\n<p>Benzersiz, tamamen 3 boyutlu ve maymun evrenini birle\u015ftirmek i\u00e7in tasarlanm\u0131\u015f.<br \/>\nDigimental taraf\u0131ndan tasarland\u0131 ve tasarland\u0131.<\/p>","protected":false},"excerpt":{"rendered":"<p>PNY tabanl\u0131 grafik kart\u0131, profesyonel performans ve bilgi i\u015flem i\u00e7in tasarlanm\u0131\u015f, \u00fcretilmi\u015f ve test edilmi\u015ftir. Mimariyi 8 GB GDDR6 bellek ve en son ekran teknolojileriyle birle\u015ftirerek tek bir PCI-e yuvas\u0131 geni\u015fli\u011finde ince form fakt\u00f6r\u00fcnde performans sunar.<\/p>","protected":false},"featured_media":2109,"comment_status":"open","ping_status":"closed","template":"","meta":[],"product_cat":[41],"product_tag":[38,44,47,52,55],"class_list":{"0":"post-2122","1":"product","2":"type-product","3":"status-publish","4":"has-post-thumbnail","6":"product_cat-hape-prime","7":"product_tag-digital","8":"product_tag-ico","9":"product_tag-nft","10":"product_tag-tech","11":"product_tag-token","13":"first","14":"instock","15":"shipping-taxable","16":"product-type-external"},"_links":{"self":[{"href":"https:\/\/scalehot.com\/tr\/wp-json\/wp\/v2\/product\/2122","targetHints":{"allow":["GET"]}}],"collection":[{"href":"https:\/\/scalehot.com\/tr\/wp-json\/wp\/v2\/product"}],"about":[{"href":"https:\/\/scalehot.com\/tr\/wp-json\/wp\/v2\/types\/product"}],"replies":[{"embeddable":true,"href":"https:\/\/scalehot.com\/tr\/wp-json\/wp\/v2\/comments?post=2122"}],"wp:featuredmedia":[{"embeddable":true,"href":"https:\/\/scalehot.com\/tr\/wp-json\/wp\/v2\/media\/2109"}],"wp:attachment":[{"href":"https:\/\/scalehot.com\/tr\/wp-json\/wp\/v2\/media?parent=2122"}],"wp:term":[{"taxonomy":"product_cat","embeddable":true,"href":"https:\/\/scalehot.com\/tr\/wp-json\/wp\/v2\/product_cat?post=2122"},{"taxonomy":"product_tag","embeddable":true,"href":"https:\/\/scalehot.com\/tr\/wp-json\/wp\/v2\/product_tag?post=2122"}],"curies":[{"name":"wp","href":"https:\/\/api.w.org\/{rel}","templated":true}]}}