{"id":1085,"date":"2022-04-20T21:06:05","date_gmt":"2022-04-20T21:06:05","guid":{"rendered":"https:\/\/wgl-demo.net\/niro\/?page_id=1085"},"modified":"2022-04-20T21:06:05","modified_gmt":"2022-04-20T21:06:05","slug":"our-team","status":"publish","type":"page","link":"https:\/\/scalehot.com\/tr\/our-team\/","title":{"rendered":"Ekibimiz"},"content":{"rendered":"<div data-elementor-type=\"wp-page\" data-elementor-id=\"1085\" class=\"elementor elementor-1085\">\n\t\t\t\t\t\t<section class=\"elementor-section elementor-top-section elementor-element elementor-element-cc20552 elementor-section-boxed elementor-section-height-default elementor-section-height-default\" data-id=\"cc20552\" data-element_type=\"section\">\n\t\t\t\t\t\t<div class=\"elementor-container elementor-column-gap-default\">\n\t\t\t\t\t<div class=\"elementor-column elementor-col-50 elementor-top-column elementor-element elementor-element-a4a0012\" data-id=\"a4a0012\" data-element_type=\"column\">\n\t\t\t<div class=\"elementor-widget-wrap elementor-element-populated\">\n\t\t\t\t\t\t<div class=\"elementor-element elementor-element-7a3acb1 aleft elementor-widget elementor-widget-wgl-double-heading\" data-id=\"7a3acb1\" data-element_type=\"widget\" data-widget_type=\"wgl-double-heading.default\">\n\t\t\t\t<div class=\"elementor-widget-container\">\n\t\t\t<div class=\"wgl-double-heading\"><div class=\"dblh__subtitle\"><span>NEDEN B\u0130Z\u0130 SE\u00c7MEL\u0130S\u0130N\u0130Z<\/span><\/div><h2 class=\"dblh__title-wrapper\"><span class=\"dblh__title dblh__title-1\">Uzmanlar\u0131m\u0131z Size Nas\u0131l Yat\u0131r\u0131m Yapaca\u011f\u0131n\u0131z\u0131 \u00d6\u011fretiyor<\/span><\/h2><\/div>\t\t<\/div>\n\t\t\t\t<\/div>\n\t\t\t\t<div class=\"elementor-element elementor-element-f0592cd elementor-widget elementor-widget-text-editor\" data-id=\"f0592cd\" data-element_type=\"widget\" data-widget_type=\"text-editor.default\">\n\t\t\t\t<div class=\"elementor-widget-container\">\n\t\t\t\t\t\t\t<p>Kripto paralar\u0131n\u0131z\u0131 nereden ve nas\u0131l sat\u0131n alaca\u011f\u0131n\u0131z\u0131 size \u00f6\u011fretelim. \u00c7ok say\u0131da borsa mevcut oldu\u011fundan, sizi ABD&#039;deki NYS uyumlu ve d\u00fczenlenmi\u015f borsalar konusunda e\u011fitebiliriz.<\/p>\t\t\t\t\t\t<\/div>\n\t\t\t\t<\/div>\n\t\t\t\t<div class=\"elementor-element elementor-element-4d0537e elementor-widget elementor-widget-wgl-progress-bar\" data-id=\"4d0537e\" data-element_type=\"widget\" data-widget_type=\"wgl-progress-bar.default\">\n\t\t\t\t<div class=\"elementor-widget-container\">\n\t\t\t<div class=\"wgl-progress-bar layout-dynamic\"><div class=\"progress__content\"><div class=\"content__label\">Nico Dan\u0131\u015fmanlar\u0131<\/div><div class=\"content__value\">\n            <span class=\"value__digit\">0<\/span><span class=\"value__unit\">%<\/span>        <\/div><\/div><div class=\"progress__bar\"><div class=\"bar__filled\" data-value=\"100\" data-max-value=\"100\" data-sep=\".\" data-speed=\"400\"><\/div><\/div><\/div>\t\t<\/div>\n\t\t\t\t<\/div>\n\t\t\t\t<div class=\"elementor-element elementor-element-101d987 elementor-widget elementor-widget-wgl-progress-bar\" data-id=\"101d987\" data-element_type=\"widget\" data-widget_type=\"wgl-progress-bar.default\">\n\t\t\t\t<div class=\"elementor-widget-container\">\n\t\t\t<div class=\"wgl-progress-bar layout-dynamic\"><div class=\"progress__content\"><div class=\"content__label\">Di\u011ferleri<\/div><div class=\"content__value\">\n            <span class=\"value__digit\">0<\/span><span class=\"value__unit\">%<\/span>        <\/div><\/div><div class=\"progress__bar\"><div class=\"bar__filled\" data-value=\"40\" data-max-value=\"100\" data-sep=\".\" data-speed=\"400\"><\/div><\/div><\/div>\t\t<\/div>\n\t\t\t\t<\/div>\n\t\t\t\t\t<\/div>\n\t\t<\/div>\n\t\t\t\t<div class=\"elementor-column elementor-col-50 elementor-top-column elementor-element elementor-element-ad977b8\" data-id=\"ad977b8\" data-element_type=\"column\">\n\t\t\t<div class=\"elementor-widget-wrap elementor-element-populated\">\n\t\t\t\t\t\t<div class=\"elementor-element elementor-element-5b1c6fc elementor-widget elementor-widget-image\" data-id=\"5b1c6fc\" data-element_type=\"widget\" data-widget_type=\"image.default\">\n\t\t\t\t<div class=\"elementor-widget-container\">\n\t\t\t\t\t\t\t\t\t\t\t\t\t<img fetchpriority=\"high\" decoding=\"async\" width=\"570\" height=\"430\" src=\"https:\/\/scalehot.com\/wp-content\/uploads\/2022\/04\/team-section-2.jpg\" class=\"attachment-full size-full wp-image-1190\" alt=\"\" srcset=\"https:\/\/scalehot.com\/wp-content\/uploads\/2022\/04\/team-section-2.jpg 570w, https:\/\/scalehot.com\/wp-content\/uploads\/2022\/04\/team-section-2-300x226.jpg 300w\" sizes=\"(max-width: 570px) 100vw, 570px\" \/>\t\t\t\t\t\t\t\t\t\t\t\t\t<\/div>\n\t\t\t\t<\/div>\n\t\t\t\t\t<\/div>\n\t\t<\/div>\n\t\t\t\t\t<\/div>\n\t\t<\/section>\n\t\t\t\t<section class=\"elementor-section elementor-top-section elementor-element elementor-element-93c747d elementor-section-boxed elementor-section-height-default elementor-section-height-default\" data-id=\"93c747d\" data-element_type=\"section\">\n\t\t\t\t\t\t<div class=\"elementor-container elementor-column-gap-no\">\n\t\t\t\t\t<div class=\"elementor-column elementor-col-100 elementor-top-column elementor-element elementor-element-e384298\" data-id=\"e384298\" data-element_type=\"column\">\n\t\t\t<div class=\"elementor-widget-wrap elementor-element-populated\">\n\t\t\t\t\t\t<div class=\"elementor-element elementor-element-04d38ce elementor-widget elementor-widget-spacer\" data-id=\"04d38ce\" data-element_type=\"widget\" data-widget_type=\"spacer.default\">\n\t\t\t\t<div class=\"elementor-widget-container\">\n\t\t\t\t\t<div class=\"elementor-spacer\">\n\t\t\t<div class=\"elementor-spacer-inner\"><\/div>\n\t\t<\/div>\n\t\t\t\t<\/div>\n\t\t\t\t<\/div>\n\t\t\t\t<section class=\"elementor-section elementor-inner-section elementor-element elementor-element-a677ee8 elementor-section-full_width elementor-section-height-default elementor-section-height-default\" data-id=\"a677ee8\" data-element_type=\"section\" data-settings=\"{&quot;background_background&quot;:&quot;classic&quot;}\">\n\t\t\t\t\t\t<div class=\"elementor-container elementor-column-gap-default\">\n\t\t\t\t\t<div class=\"elementor-column elementor-col-25 elementor-inner-column elementor-element elementor-element-ac97681\" data-id=\"ac97681\" data-element_type=\"column\">\n\t\t\t<div class=\"elementor-widget-wrap elementor-element-populated\">\n\t\t\t\t\t\t<div class=\"elementor-element elementor-element-66c17cd acenter elementor-widget elementor-widget-wgl-counter\" data-id=\"66c17cd\" data-element_type=\"widget\" data-widget_type=\"wgl-counter.default\">\n\t\t\t\t<div class=\"elementor-widget-container\">\n\t\t\t<div class=\"wgl-counter title-block\"><div class=\"wgl-counter_wrap\"><div class=\"content-wrap\"><div class=\"wgl-counter_value-wrap\"><div class=\"wgl-counter__placeholder-wrap\"><span class=\"wgl-counter__placeholder\">30.000<\/span><span class=\"wgl-counter__value\" data-start-value=\"0\" data-end-value=\"30000\" data-speed=\"1200\" data-sep=\".\">0<\/span><\/div><span class=\"wgl-counter__suffix\">+<\/span><\/div><h3 class=\"wgl-counter_title\">D\u00fcnya Sanatlar\u0131<\/h3><\/div><\/div><\/div>\t\t<\/div>\n\t\t\t\t<\/div>\n\t\t\t\t\t<\/div>\n\t\t<\/div>\n\t\t\t\t<div class=\"elementor-column elementor-col-25 elementor-inner-column elementor-element elementor-element-21f807d\" data-id=\"21f807d\" data-element_type=\"column\">\n\t\t\t<div class=\"elementor-widget-wrap elementor-element-populated\">\n\t\t\t\t\t\t<div class=\"elementor-element elementor-element-9079f7a acenter elementor-widget elementor-widget-wgl-counter\" data-id=\"9079f7a\" data-element_type=\"widget\" data-widget_type=\"wgl-counter.default\">\n\t\t\t\t<div class=\"elementor-widget-container\">\n\t\t\t<div class=\"wgl-counter title-block\"><div class=\"wgl-counter_wrap\"><div class=\"content-wrap\"><div class=\"wgl-counter_value-wrap\"><div class=\"wgl-counter__placeholder-wrap\"><span class=\"wgl-counter__placeholder\">17.000<\/span><span class=\"wgl-counter__value\" data-start-value=\"0\" data-end-value=\"17000\" data-speed=\"1200\" data-sep=\".\">0<\/span><\/div><span class=\"wgl-counter__suffix\">+<\/span><\/div><h3 class=\"wgl-counter_title\">Dijital Sanat\u00e7\u0131lar<\/h3><\/div><\/div><\/div>\t\t<\/div>\n\t\t\t\t<\/div>\n\t\t\t\t\t<\/div>\n\t\t<\/div>\n\t\t\t\t<div class=\"elementor-column elementor-col-25 elementor-inner-column elementor-element elementor-element-ad4ce83\" data-id=\"ad4ce83\" data-element_type=\"column\">\n\t\t\t<div class=\"elementor-widget-wrap elementor-element-populated\">\n\t\t\t\t\t\t<div class=\"elementor-element elementor-element-3c26fa0 acenter elementor-widget elementor-widget-wgl-counter\" data-id=\"3c26fa0\" data-element_type=\"widget\" data-widget_type=\"wgl-counter.default\">\n\t\t\t\t<div class=\"elementor-widget-container\">\n\t\t\t<div class=\"wgl-counter title-block\"><div class=\"wgl-counter_wrap\"><div class=\"content-wrap\"><div class=\"wgl-counter_value-wrap\"><div class=\"wgl-counter__placeholder-wrap\"><span class=\"wgl-counter__placeholder\">22.000<\/span><span class=\"wgl-counter__value\" data-start-value=\"0\" data-end-value=\"22000\" data-speed=\"1200\" data-sep=\".\">0<\/span><\/div><span class=\"wgl-counter__suffix\">+<\/span><\/div><h3 class=\"wgl-counter_title\">Canl\u0131 M\u00fczayede <\/h3><\/div><\/div><\/div>\t\t<\/div>\n\t\t\t\t<\/div>\n\t\t\t\t\t<\/div>\n\t\t<\/div>\n\t\t\t\t<div class=\"elementor-column elementor-col-25 elementor-inner-column elementor-element elementor-element-82849e2\" data-id=\"82849e2\" data-element_type=\"column\">\n\t\t\t<div class=\"elementor-widget-wrap elementor-element-populated\">\n\t\t\t\t\t\t<div class=\"elementor-element elementor-element-bf77020 acenter elementor-widget elementor-widget-wgl-counter\" data-id=\"bf77020\" data-element_type=\"widget\" data-widget_type=\"wgl-counter.default\">\n\t\t\t\t<div class=\"elementor-widget-container\">\n\t\t\t<div class=\"wgl-counter title-block\"><div class=\"wgl-counter_wrap\"><div class=\"content-wrap\"><div class=\"wgl-counter_value-wrap\"><div class=\"wgl-counter__placeholder-wrap\"><span class=\"wgl-counter__placeholder\">50.000<\/span><span class=\"wgl-counter__value\" data-start-value=\"0\" data-end-value=\"50000\" data-speed=\"1200\" data-sep=\".\">0<\/span><\/div><span class=\"wgl-counter__suffix\">+<\/span><\/div><h3 class=\"wgl-counter_title\">Benzersiz \u00dcr\u00fcnler<\/h3><\/div><\/div><\/div>\t\t<\/div>\n\t\t\t\t<\/div>\n\t\t\t\t\t<\/div>\n\t\t<\/div>\n\t\t\t\t\t<\/div>\n\t\t<\/section>\n\t\t\t\t<div class=\"elementor-element elementor-element-7a3729b elementor-widget elementor-widget-spacer\" data-id=\"7a3729b\" data-element_type=\"widget\" data-widget_type=\"spacer.default\">\n\t\t\t\t<div class=\"elementor-widget-container\">\n\t\t\t\t\t<div class=\"elementor-spacer\">\n\t\t\t<div class=\"elementor-spacer-inner\"><\/div>\n\t\t<\/div>\n\t\t\t\t<\/div>\n\t\t\t\t<\/div>\n\t\t\t\t\t<\/div>\n\t\t<\/div>\n\t\t\t\t\t<\/div>\n\t\t<\/section>\n\t\t\t\t<section class=\"elementor-section elementor-top-section elementor-element elementor-element-fd104fd elementor-section-boxed elementor-section-height-default elementor-section-height-default\" data-id=\"fd104fd\" data-element_type=\"section\" data-settings=\"{&quot;background_background&quot;:&quot;gradient&quot;}\">\n\t\t\t\t\t\t<div class=\"elementor-container elementor-column-gap-default\">\n\t\t\t\t\t<div class=\"elementor-column elementor-col-100 elementor-top-column elementor-element elementor-element-4c5d6d8\" data-id=\"4c5d6d8\" data-element_type=\"column\">\n\t\t\t<div class=\"elementor-widget-wrap elementor-element-populated\">\n\t\t\t\t\t\t<div class=\"elementor-element elementor-element-ca6416a elementor-widget elementor-widget-spacer\" data-id=\"ca6416a\" data-element_type=\"widget\" data-widget_type=\"spacer.default\">\n\t\t\t\t<div class=\"elementor-widget-container\">\n\t\t\t\t\t<div class=\"elementor-spacer\">\n\t\t\t<div class=\"elementor-spacer-inner\"><\/div>\n\t\t<\/div>\n\t\t\t\t<\/div>\n\t\t\t\t<\/div>\n\t\t\t\t<div class=\"elementor-element elementor-element-2a9a5ef acenter elementor-widget elementor-widget-wgl-double-heading\" data-id=\"2a9a5ef\" data-element_type=\"widget\" data-widget_type=\"wgl-double-heading.default\">\n\t\t\t\t<div class=\"elementor-widget-container\">\n\t\t\t<div class=\"wgl-double-heading\"><div class=\"dblh__subtitle\"><span>EK\u0130B\u0130M\u0130Z<\/span><\/div><h2 class=\"dblh__title-wrapper\"><span class=\"dblh__title dblh__title-1\">Nico Kripto Uzmanlar\u0131<\/span><\/h2><\/div>\t\t<\/div>\n\t\t\t\t<\/div>\n\t\t\t\t<div class=\"elementor-element elementor-element-dd7c6c7 elementor-widget__width-initial elementor-widget elementor-widget-text-editor\" data-id=\"dd7c6c7\" data-element_type=\"widget\" data-widget_type=\"text-editor.default\">\n\t\t\t\t<div class=\"elementor-widget-container\">\n\t\t\t\t\t\t\t<p>Amac\u0131m\u0131z, d\u00fcnya vatanda\u015flar\u0131n\u0131 sekt\u00f6r hakk\u0131nda e\u011fiterek, \u00f6n\u00fcm\u00fczdeki finansal ve teknolojik krizde geride kalmamalar\u0131n\u0131 sa\u011flamakt\u0131r.<\/p>\t\t\t\t\t\t<\/div>\n\t\t\t\t<\/div>\n\t\t\t\t<div class=\"elementor-element elementor-element-a3998aa acenter elementor-widget elementor-widget-wgl-team\" data-id=\"a3998aa\" data-element_type=\"widget\" data-widget_type=\"wgl-team.default\">\n\t\t\t\t<div class=\"elementor-widget-container\">\n\t\t\t<section class=\"wgl_module_team\"><div class=\"team__members grid-col--4\"><article class=\"team__member\"><div class=\"member__wrapper\"><div class=\"member__media\"><a href=\"https:\/\/scalehot.com\/tr\/team\/ostin-stark\/\" class=\"member__thumbnail\"><img decoding=\"async\" src=\"https:\/\/scalehot.com\/wp-content\/uploads\/2022\/04\/team-s-1-540x540.jpg\" class=\"thumbnail__featured\" alt=\"\"><\/a><div class=\"member__socials\"><span class=\"social__icon-wrap\"><a href=\"#\" class=\"social__icon fab fa-telegram-plane\"><\/a><\/span><span class=\"social__icon-wrap\"><a href=\"#\" class=\"social__icon fab fa-facebook-f\"><\/a><\/span><span class=\"social__icon-wrap\"><a href=\"#\" class=\"social__icon fab fa-twitter\"><\/a><\/span><span class=\"social__icon-wrap\"><a href=\"#\" class=\"social__icon fab fa-instagram\"><\/a><\/span><\/div><\/div><div class=\"member__info\"><h2 class=\"member__name\"><a href=\"https:\/\/scalehot.com\/tr\/team\/ostin-stark\/\">Ostin Stark<\/a><\/h2><div class=\"info__wrapper\"><div class=\"info__highlighted\">Y\u00d6NET\u0130M KURULU DANI\u015eMANI<\/div><\/div><\/div><\/div><\/article><article class=\"team__member\"><div class=\"member__wrapper\"><div class=\"member__media\"><a href=\"https:\/\/scalehot.com\/tr\/team\/james-taylor\/\" class=\"member__thumbnail\"><img decoding=\"async\" src=\"https:\/\/scalehot.com\/wp-content\/uploads\/2022\/04\/team-s-2-540x540.jpg\" class=\"thumbnail__featured\" alt=\"\"><\/a><div class=\"member__socials\"><span class=\"social__icon-wrap\"><a href=\"#\" class=\"social__icon fab fa-telegram-plane\"><\/a><\/span><span class=\"social__icon-wrap\"><a href=\"#\" class=\"social__icon fab fa-facebook-f\"><\/a><\/span><span class=\"social__icon-wrap\"><a href=\"#\" class=\"social__icon fab fa-twitter\"><\/a><\/span><span class=\"social__icon-wrap\"><a href=\"#\" class=\"social__icon fab fa-instagram\"><\/a><\/span><\/div><\/div><div class=\"member__info\"><h2 class=\"member__name\"><a href=\"https:\/\/scalehot.com\/tr\/team\/james-taylor\/\">James Taylor<\/a><\/h2><div class=\"info__wrapper\"><div class=\"info__highlighted\">CEO ve L\u0130DER BLOCKCHAIN<\/div><\/div><\/div><\/div><\/article><article class=\"team__member\"><div class=\"member__wrapper\"><div class=\"member__media\"><a href=\"https:\/\/scalehot.com\/tr\/team\/morgan-cooper\/\" class=\"member__thumbnail\"><img decoding=\"async\" src=\"https:\/\/scalehot.com\/wp-content\/uploads\/2022\/04\/team-s-3-540x540.jpg\" class=\"thumbnail__featured\" alt=\"\"><\/a><div class=\"member__socials\"><span class=\"social__icon-wrap\"><a href=\"#\" class=\"social__icon fab fa-telegram-plane\"><\/a><\/span><span class=\"social__icon-wrap\"><a href=\"#\" class=\"social__icon fab fa-facebook-f\"><\/a><\/span><span class=\"social__icon-wrap\"><a href=\"#\" class=\"social__icon fab fa-twitter\"><\/a><\/span><span class=\"social__icon-wrap\"><a href=\"#\" class=\"social__icon fab fa-instagram\"><\/a><\/span><\/div><\/div><div class=\"member__info\"><h2 class=\"member__name\"><a href=\"https:\/\/scalehot.com\/tr\/team\/morgan-cooper\/\">Morgan Cooper<\/a><\/h2><div class=\"info__wrapper\"><div class=\"info__highlighted\">CTO &amp; K\u0130DEML\u0130 GEL\u0130\u015eT\u0130R\u0130C\u0130<\/div><\/div><\/div><\/div><\/article><article class=\"team__member\"><div class=\"member__wrapper\"><div class=\"member__media\"><a href=\"https:\/\/scalehot.com\/tr\/team\/amanda-brown\/\" class=\"member__thumbnail\"><img decoding=\"async\" src=\"https:\/\/scalehot.com\/wp-content\/uploads\/2022\/04\/team-s-4-540x540.jpg\" class=\"thumbnail__featured\" alt=\"\"><\/a><div class=\"member__socials\"><span class=\"social__icon-wrap\"><a href=\"#\" class=\"social__icon fab fa-telegram-plane\"><\/a><\/span><span class=\"social__icon-wrap\"><a href=\"#\" class=\"social__icon fab fa-facebook-f\"><\/a><\/span><span class=\"social__icon-wrap\"><a href=\"#\" class=\"social__icon fab fa-twitter\"><\/a><\/span><span class=\"social__icon-wrap\"><a href=\"#\" class=\"social__icon fab fa-instagram\"><\/a><\/span><\/div><\/div><div class=\"member__info\"><h2 class=\"member__name\"><a href=\"https:\/\/scalehot.com\/tr\/team\/amanda-brown\/\">Amanda Kahverengi<\/a><\/h2><div class=\"info__wrapper\"><div class=\"info__highlighted\">BLOCKCHAIN GEL\u0130\u015eT\u0130R\u0130C\u0130S\u0130<\/div><\/div><\/div><\/div><\/article><article class=\"team__member\"><div class=\"member__wrapper\"><div class=\"member__media\"><a href=\"https:\/\/scalehot.com\/tr\/team\/chriss-moore\/\" class=\"member__thumbnail\"><img decoding=\"async\" src=\"https:\/\/scalehot.com\/wp-content\/uploads\/2022\/04\/team-s-5-540x540.jpg\" class=\"thumbnail__featured\" alt=\"\"><\/a><div class=\"member__socials\"><span class=\"social__icon-wrap\"><a href=\"#\" class=\"social__icon fab fa-telegram-plane\"><\/a><\/span><span class=\"social__icon-wrap\"><a href=\"#\" class=\"social__icon fab fa-facebook-f\"><\/a><\/span><span class=\"social__icon-wrap\"><a href=\"#\" class=\"social__icon fab fa-twitter\"><\/a><\/span><span class=\"social__icon-wrap\"><a href=\"#\" class=\"social__icon fab fa-instagram\"><\/a><\/span><\/div><\/div><div class=\"member__info\"><h2 class=\"member__name\"><a href=\"https:\/\/scalehot.com\/tr\/team\/chriss-moore\/\">Chris Moore<\/a><\/h2><div class=\"info__wrapper\"><div class=\"info__highlighted\">TOPLULUK Y\u00d6NET\u0130M\u0130<\/div><\/div><\/div><\/div><\/article><article class=\"team__member\"><div class=\"member__wrapper\"><div class=\"member__media\"><a href=\"https:\/\/scalehot.com\/tr\/team\/tina-black\/\" class=\"member__thumbnail\"><img decoding=\"async\" src=\"https:\/\/scalehot.com\/wp-content\/uploads\/2022\/04\/team-s-6-540x540.jpg\" class=\"thumbnail__featured\" alt=\"\"><\/a><div class=\"member__socials\"><span class=\"social__icon-wrap\"><a href=\"#\" class=\"social__icon fab fa-telegram-plane\"><\/a><\/span><span class=\"social__icon-wrap\"><a href=\"#\" class=\"social__icon fab fa-facebook-f\"><\/a><\/span><span class=\"social__icon-wrap\"><a href=\"#\" class=\"social__icon fab fa-twitter\"><\/a><\/span><span class=\"social__icon-wrap\"><a href=\"#\" class=\"social__icon fab fa-instagram\"><\/a><\/span><\/div><\/div><div class=\"member__info\"><h2 class=\"member__name\"><a href=\"https:\/\/scalehot.com\/tr\/team\/tina-black\/\">Tina Siyah<\/a><\/h2><div class=\"info__wrapper\"><div class=\"info__highlighted\">Y\u00d6NET\u0130M KURULU DANI\u015eMANI<\/div><\/div><\/div><\/div><\/article><article class=\"team__member\"><div class=\"member__wrapper\"><div class=\"member__media\"><a href=\"https:\/\/scalehot.com\/tr\/team\/lina-grey\/\" class=\"member__thumbnail\"><img decoding=\"async\" src=\"https:\/\/scalehot.com\/wp-content\/uploads\/2022\/04\/team-s-7-540x540.jpg\" class=\"thumbnail__featured\" alt=\"\"><\/a><div class=\"member__socials\"><span class=\"social__icon-wrap\"><a href=\"#\" class=\"social__icon fab fa-telegram-plane\"><\/a><\/span><span class=\"social__icon-wrap\"><a href=\"#\" class=\"social__icon fab fa-facebook-f\"><\/a><\/span><span class=\"social__icon-wrap\"><a href=\"#\" class=\"social__icon fab fa-twitter\"><\/a><\/span><span class=\"social__icon-wrap\"><a href=\"#\" class=\"social__icon fab fa-instagram\"><\/a><\/span><\/div><\/div><div class=\"member__info\"><h2 class=\"member__name\"><a href=\"https:\/\/scalehot.com\/tr\/team\/lina-grey\/\">Lina Gri<\/a><\/h2><div class=\"info__wrapper\"><div class=\"info__highlighted\">Y\u00d6NET\u0130M KURULU DANI\u015eMANI<\/div><\/div><\/div><\/div><\/article><article class=\"team__member\"><div class=\"member__wrapper\"><div class=\"member__media\"><a href=\"https:\/\/scalehot.com\/tr\/team\/arnold-nilson\/\" class=\"member__thumbnail\"><img decoding=\"async\" src=\"https:\/\/scalehot.com\/wp-content\/uploads\/2022\/04\/team-s-8-540x540.jpg\" class=\"thumbnail__featured\" alt=\"\"><\/a><div class=\"member__socials\"><span class=\"social__icon-wrap\"><a href=\"#\" class=\"social__icon fab fa-telegram-plane\"><\/a><\/span><span class=\"social__icon-wrap\"><a href=\"#\" class=\"social__icon fab fa-facebook-f\"><\/a><\/span><span class=\"social__icon-wrap\"><a href=\"#\" class=\"social__icon fab fa-twitter\"><\/a><\/span><span class=\"social__icon-wrap\"><a href=\"#\" class=\"social__icon fab fa-instagram\"><\/a><\/span><\/div><\/div><div class=\"member__info\"><h2 class=\"member__name\"><a href=\"https:\/\/scalehot.com\/tr\/team\/arnold-nilson\/\">Arnold Nilson<\/a><\/h2><div class=\"info__wrapper\"><div class=\"info__highlighted\">Y\u00d6NET\u0130M KURULU DANI\u015eMANI<\/div><\/div><\/div><\/div><\/article><\/div><\/section>\t\t<\/div>\n\t\t\t\t<\/div>\n\t\t\t\t<div class=\"elementor-element elementor-element-f75f5d1 elementor-widget elementor-widget-spacer\" data-id=\"f75f5d1\" data-element_type=\"widget\" data-widget_type=\"spacer.default\">\n\t\t\t\t<div class=\"elementor-widget-container\">\n\t\t\t\t\t<div class=\"elementor-spacer\">\n\t\t\t<div class=\"elementor-spacer-inner\"><\/div>\n\t\t<\/div>\n\t\t\t\t<\/div>\n\t\t\t\t<\/div>\n\t\t\t\t\t<\/div>\n\t\t<\/div>\n\t\t\t\t\t<\/div>\n\t\t<\/section>\n\t\t\t\t<\/div>","protected":false},"excerpt":{"rendered":"<p>WHY CHOOSE US Our Experts Teach You How to Invest Let us teach you where and how to purchase your cryptocurrencies. With so many exchanges available, we can educate you on the NYS compliant and regulated exchanges in the United States. Nico Advisors 0% Others 0% 30.0000+ World Arts 17.0000+ Digital Artists 22.0000+ Live Auctions [&hellip;]<\/p>","protected":false},"author":1,"featured_media":0,"parent":0,"menu_order":0,"comment_status":"closed","ping_status":"closed","template":"","meta":{"footnotes":""},"class_list":["post-1085","page","type-page","status-publish","hentry"],"_links":{"self":[{"href":"https:\/\/scalehot.com\/tr\/wp-json\/wp\/v2\/pages\/1085","targetHints":{"allow":["GET"]}}],"collection":[{"href":"https:\/\/scalehot.com\/tr\/wp-json\/wp\/v2\/pages"}],"about":[{"href":"https:\/\/scalehot.com\/tr\/wp-json\/wp\/v2\/types\/page"}],"author":[{"embeddable":true,"href":"https:\/\/scalehot.com\/tr\/wp-json\/wp\/v2\/users\/1"}],"replies":[{"embeddable":true,"href":"https:\/\/scalehot.com\/tr\/wp-json\/wp\/v2\/comments?post=1085"}],"version-history":[{"count":0,"href":"https:\/\/scalehot.com\/tr\/wp-json\/wp\/v2\/pages\/1085\/revisions"}],"wp:attachment":[{"href":"https:\/\/scalehot.com\/tr\/wp-json\/wp\/v2\/media?parent=1085"}],"curies":[{"name":"wp","href":"https:\/\/api.w.org\/{rel}","templated":true}]}}